{"id":827,"date":"2024-07-12T13:27:55","date_gmt":"2024-07-12T11:27:55","guid":{"rendered":"https:\/\/www.arosa-alpine-club.com\/wellness\/"},"modified":"2026-02-05T18:24:07","modified_gmt":"2026-02-05T16:24:07","slug":"wellness","status":"publish","type":"page","link":"https:\/\/www.arosa-alpine-club.com\/fr\/wellness\/","title":{"rendered":"Wellness"},"content":{"rendered":"<p>Apr\u00e8s ta s\u00e9ance de sauna ou de bain de vapeur, tu peux te reposer dans notre confortable salle de repos. Tu y trouveras l&rsquo;atmosph\u00e8re parfaite pour mettre ton corps et ton esprit en harmonie. D\u00e9tends-toi sur des chaises longues confortables et profite pleinement du calme.Apr\u00e8s ta s\u00e9ance de sauna ou de bain de vapeur, tu peux te reposer dans notre confortable salle de repos. Tu y trouveras l&rsquo;atmosph\u00e8re parfaite pour mettre ton corps et ton esprit en harmonie. D\u00e9tends-toi sur des chaises longues confortables et profite pleinement du calme.Apr\u00e8s ta s\u00e9ance de sauna ou de bain de vapeur, tu peux te reposer dans notre confortable salle de repos. Tu y trouveras l&rsquo;atmosph\u00e8re parfaite pour mettre ton corps et ton esprit en harmonie. D\u00e9tends-toi sur des chaises longues confortables et profite pleinement du calme.<\/p>\r\n\r\n<p>Dit is een voorbeeldpagina. Het is anders dan een blog bericht omdat het op \u00e9\u00e9n plek blijft en tevoorschijn komt in je site navigatie (in de meeste thema&rsquo;s). De meeste mensen starten met een Over pagina dat hen voorstelt aan potenti\u00eble site bezoekers. Het zou iets als dit kunnen zeggen:<\/p>\r\n\r\n\r\n\r\n<blockquote class=\"wp-block-quote is-layout-flow wp-block-quote-is-layout-flow\">\r\n<p>Hoi daar! Ik ben een fietskoerier in het dagelijks leven en een beginnende acteur in de avonduren, en dit is mijn site. Ik leef in Los Angeles, heb een leuke hond genaamd Jack en ik hou van pi\u00f1a coladas. (En overvallen worden door de regen.)<\/p>\r\n<\/blockquote>\r\n\r\n\r\n\r\n<p>&#8230;of zoiets als dit:<\/p>\r\n\r\n\r\n\r\n<blockquote class=\"wp-block-quote is-layout-flow wp-block-quote-is-layout-flow\">\r\n<p>De XYZ Doohickey Company is opgericht in 1971 en heeft sindsdien kwalitatieve doohickeys aan het publiek geleverd. Gevestigd in Gotham City, heeft XYZ meer dan 2000 mensen in dienst en doet allerlei fantastische dingen voor de community in Gotham.<\/p>\r\n<\/blockquote>\r\n\r\n\r\n\r\n<p>Als nieuwe WordPress gebruiker kan je naar <a href=\"https:\/\/www.arosa-alpine-club.com\/wp-admin\/\">je dashboard<\/a> gaan om deze pagina te verwijderen en nieuwe pagina&rsquo;s toe te voegen voor je inhoud. Veel plezier!<\/p>\r\n","protected":false},"excerpt":{"rendered":"<p>Apr\u00e8s ta s\u00e9ance de sauna ou de bain de vapeur, tu peux te reposer dans notre confortable salle de repos. Tu y trouveras l&rsquo;atmosph\u00e8re parfaite pour mettre ton corps et ton esprit en harmonie. D\u00e9tends-toi sur des chaises longues confortables et profite pleinement du calme.Apr\u00e8s ta s\u00e9ance de sauna ou de bain de vapeur, tu [&hellip;]<\/p>\n","protected":false},"author":1,"featured_media":829,"parent":0,"menu_order":0,"comment_status":"closed","ping_status":"open","template":"","meta":{"_acf_changed":false,"footnotes":""},"class_list":["post-827","page","type-page","status-publish","has-post-thumbnail","hentry"],"acf":[],"yoast_head":"<!-- This site is optimized with the Yoast SEO plugin v24.7 - https:\/\/yoast.com\/wordpress\/plugins\/seo\/ -->\n<title>Wellness - Arosa Alpine Club<\/title>\n<meta name=\"robots\" content=\"index, follow, max-snippet:-1, max-image-preview:large, max-video-preview:-1\" \/>\n<link rel=\"canonical\" href=\"https:\/\/www.arosa-alpine-club.com\/fr\/wellness\/\" \/>\n<meta property=\"og:locale\" content=\"fr_FR\" \/>\n<meta property=\"og:type\" content=\"article\" \/>\n<meta property=\"og:title\" content=\"Wellness - Arosa Alpine Club\" \/>\n<meta property=\"og:description\" content=\"Apr\u00e8s ta s\u00e9ance de sauna ou de bain de vapeur, tu peux te reposer dans notre confortable salle de repos. Tu y trouveras l&rsquo;atmosph\u00e8re parfaite pour mettre ton corps et ton esprit en harmonie. D\u00e9tends-toi sur des chaises longues confortables et profite pleinement du calme.Apr\u00e8s ta s\u00e9ance de sauna ou de bain de vapeur, tu [&hellip;]\" \/>\n<meta property=\"og:url\" content=\"https:\/\/www.arosa-alpine-club.com\/fr\/wellness\/\" \/>\n<meta property=\"og:site_name\" content=\"Arosa Alpine Club\" \/>\n<meta property=\"article:modified_time\" content=\"2026-02-05T16:24:07+00:00\" \/>\n<meta property=\"og:image\" content=\"https:\/\/www.arosa-alpine-club.com\/wp-content\/uploads\/2024\/12\/DSC07826-scaled.jpg\" \/>\n\t<meta property=\"og:image:width\" content=\"1\" \/>\n\t<meta property=\"og:image:height\" content=\"1\" \/>\n\t<meta property=\"og:image:type\" content=\"image\/jpeg\" \/>\n<meta name=\"twitter:card\" content=\"summary_large_image\" \/>\n<meta name=\"twitter:label1\" content=\"Dur\u00e9e de lecture estim\u00e9e\" \/>\n\t<meta name=\"twitter:data1\" content=\"4 minutes\" \/>\n<script type=\"application\/ld+json\" class=\"yoast-schema-graph\">{\"@context\":\"https:\/\/schema.org\",\"@graph\":[{\"@type\":\"WebPage\",\"@id\":\"https:\/\/www.arosa-alpine-club.com\/fr\/wellness\/\",\"url\":\"https:\/\/www.arosa-alpine-club.com\/fr\/wellness\/\",\"name\":\"Wellness - Arosa Alpine Club\",\"isPartOf\":{\"@id\":\"https:\/\/www.arosa-alpine-club.com\/fr\/#website\"},\"primaryImageOfPage\":{\"@id\":\"https:\/\/www.arosa-alpine-club.com\/fr\/wellness\/#primaryimage\"},\"image\":{\"@id\":\"https:\/\/www.arosa-alpine-club.com\/fr\/wellness\/#primaryimage\"},\"thumbnailUrl\":\"https:\/\/www.arosa-alpine-club.com\/wp-content\/uploads\/2024\/12\/DSC07826-scaled.jpg\",\"datePublished\":\"2024-07-12T11:27:55+00:00\",\"dateModified\":\"2026-02-05T16:24:07+00:00\",\"breadcrumb\":{\"@id\":\"https:\/\/www.arosa-alpine-club.com\/fr\/wellness\/#breadcrumb\"},\"inLanguage\":\"fr-FR\",\"potentialAction\":[{\"@type\":\"ReadAction\",\"target\":[\"https:\/\/www.arosa-alpine-club.com\/fr\/wellness\/\"]}]},{\"@type\":\"ImageObject\",\"inLanguage\":\"fr-FR\",\"@id\":\"https:\/\/www.arosa-alpine-club.com\/fr\/wellness\/#primaryimage\",\"url\":\"https:\/\/www.arosa-alpine-club.com\/wp-content\/uploads\/2024\/12\/DSC07826-scaled.jpg\",\"contentUrl\":\"https:\/\/www.arosa-alpine-club.com\/wp-content\/uploads\/2024\/12\/DSC07826-scaled.jpg\"},{\"@type\":\"BreadcrumbList\",\"@id\":\"https:\/\/www.arosa-alpine-club.com\/fr\/wellness\/#breadcrumb\",\"itemListElement\":[{\"@type\":\"ListItem\",\"position\":1,\"name\":\"Arosa Alpine Club\",\"item\":\"https:\/\/www.arosa-alpine-club.com\/fr\/\"},{\"@type\":\"ListItem\",\"position\":2,\"name\":\"Wellness\"}]},{\"@type\":\"WebSite\",\"@id\":\"https:\/\/www.arosa-alpine-club.com\/fr\/#website\",\"url\":\"https:\/\/www.arosa-alpine-club.com\/fr\/\",\"name\":\"Arosa Alpine Club\",\"description\":\"\",\"publisher\":{\"@id\":\"https:\/\/www.arosa-alpine-club.com\/fr\/#organization\"},\"potentialAction\":[{\"@type\":\"SearchAction\",\"target\":{\"@type\":\"EntryPoint\",\"urlTemplate\":\"https:\/\/www.arosa-alpine-club.com\/fr\/?s={search_term_string}\"},\"query-input\":{\"@type\":\"PropertyValueSpecification\",\"valueRequired\":true,\"valueName\":\"search_term_string\"}}],\"inLanguage\":\"fr-FR\"},{\"@type\":\"Organization\",\"@id\":\"https:\/\/www.arosa-alpine-club.com\/fr\/#organization\",\"name\":\"Arosa Alpine Club\",\"url\":\"https:\/\/www.arosa-alpine-club.com\/fr\/\",\"logo\":{\"@type\":\"ImageObject\",\"inLanguage\":\"fr-FR\",\"@id\":\"https:\/\/www.arosa-alpine-club.com\/fr\/#\/schema\/logo\/image\/\",\"url\":\"https:\/\/www.arosa-alpine-club.com\/wp-content\/uploads\/2024\/07\/arosa-favicon.jpg\",\"contentUrl\":\"https:\/\/www.arosa-alpine-club.com\/wp-content\/uploads\/2024\/07\/arosa-favicon.jpg\",\"width\":1000,\"height\":1000,\"caption\":\"Arosa Alpine Club\"},\"image\":{\"@id\":\"https:\/\/www.arosa-alpine-club.com\/fr\/#\/schema\/logo\/image\/\"}}]}<\/script>\n<!-- \/ Yoast SEO plugin. -->","yoast_head_json":{"title":"Wellness - Arosa Alpine Club","robots":{"index":"index","follow":"follow","max-snippet":"max-snippet:-1","max-image-preview":"max-image-preview:large","max-video-preview":"max-video-preview:-1"},"canonical":"https:\/\/www.arosa-alpine-club.com\/fr\/wellness\/","og_locale":"fr_FR","og_type":"article","og_title":"Wellness - Arosa Alpine Club","og_description":"Apr\u00e8s ta s\u00e9ance de sauna ou de bain de vapeur, tu peux te reposer dans notre confortable salle de repos. Tu y trouveras l&rsquo;atmosph\u00e8re parfaite pour mettre ton corps et ton esprit en harmonie. D\u00e9tends-toi sur des chaises longues confortables et profite pleinement du calme.Apr\u00e8s ta s\u00e9ance de sauna ou de bain de vapeur, tu [&hellip;]","og_url":"https:\/\/www.arosa-alpine-club.com\/fr\/wellness\/","og_site_name":"Arosa Alpine Club","article_modified_time":"2026-02-05T16:24:07+00:00","og_image":[{"url":"https:\/\/www.arosa-alpine-club.com\/wp-content\/uploads\/2024\/12\/DSC07826-scaled.jpg","width":1,"height":1,"type":"image\/jpeg"}],"twitter_card":"summary_large_image","twitter_misc":{"Dur\u00e9e de lecture estim\u00e9e":"4 minutes"},"schema":{"@context":"https:\/\/schema.org","@graph":[{"@type":"WebPage","@id":"https:\/\/www.arosa-alpine-club.com\/fr\/wellness\/","url":"https:\/\/www.arosa-alpine-club.com\/fr\/wellness\/","name":"Wellness - Arosa Alpine Club","isPartOf":{"@id":"https:\/\/www.arosa-alpine-club.com\/fr\/#website"},"primaryImageOfPage":{"@id":"https:\/\/www.arosa-alpine-club.com\/fr\/wellness\/#primaryimage"},"image":{"@id":"https:\/\/www.arosa-alpine-club.com\/fr\/wellness\/#primaryimage"},"thumbnailUrl":"https:\/\/www.arosa-alpine-club.com\/wp-content\/uploads\/2024\/12\/DSC07826-scaled.jpg","datePublished":"2024-07-12T11:27:55+00:00","dateModified":"2026-02-05T16:24:07+00:00","breadcrumb":{"@id":"https:\/\/www.arosa-alpine-club.com\/fr\/wellness\/#breadcrumb"},"inLanguage":"fr-FR","potentialAction":[{"@type":"ReadAction","target":["https:\/\/www.arosa-alpine-club.com\/fr\/wellness\/"]}]},{"@type":"ImageObject","inLanguage":"fr-FR","@id":"https:\/\/www.arosa-alpine-club.com\/fr\/wellness\/#primaryimage","url":"https:\/\/www.arosa-alpine-club.com\/wp-content\/uploads\/2024\/12\/DSC07826-scaled.jpg","contentUrl":"https:\/\/www.arosa-alpine-club.com\/wp-content\/uploads\/2024\/12\/DSC07826-scaled.jpg"},{"@type":"BreadcrumbList","@id":"https:\/\/www.arosa-alpine-club.com\/fr\/wellness\/#breadcrumb","itemListElement":[{"@type":"ListItem","position":1,"name":"Arosa Alpine Club","item":"https:\/\/www.arosa-alpine-club.com\/fr\/"},{"@type":"ListItem","position":2,"name":"Wellness"}]},{"@type":"WebSite","@id":"https:\/\/www.arosa-alpine-club.com\/fr\/#website","url":"https:\/\/www.arosa-alpine-club.com\/fr\/","name":"Arosa Alpine Club","description":"","publisher":{"@id":"https:\/\/www.arosa-alpine-club.com\/fr\/#organization"},"potentialAction":[{"@type":"SearchAction","target":{"@type":"EntryPoint","urlTemplate":"https:\/\/www.arosa-alpine-club.com\/fr\/?s={search_term_string}"},"query-input":{"@type":"PropertyValueSpecification","valueRequired":true,"valueName":"search_term_string"}}],"inLanguage":"fr-FR"},{"@type":"Organization","@id":"https:\/\/www.arosa-alpine-club.com\/fr\/#organization","name":"Arosa Alpine Club","url":"https:\/\/www.arosa-alpine-club.com\/fr\/","logo":{"@type":"ImageObject","inLanguage":"fr-FR","@id":"https:\/\/www.arosa-alpine-club.com\/fr\/#\/schema\/logo\/image\/","url":"https:\/\/www.arosa-alpine-club.com\/wp-content\/uploads\/2024\/07\/arosa-favicon.jpg","contentUrl":"https:\/\/www.arosa-alpine-club.com\/wp-content\/uploads\/2024\/07\/arosa-favicon.jpg","width":1000,"height":1000,"caption":"Arosa Alpine Club"},"image":{"@id":"https:\/\/www.arosa-alpine-club.com\/fr\/#\/schema\/logo\/image\/"}}]}},"_links":{"self":[{"href":"https:\/\/www.arosa-alpine-club.com\/fr\/wp-json\/wp\/v2\/pages\/827","targetHints":{"allow":["GET"]}}],"collection":[{"href":"https:\/\/www.arosa-alpine-club.com\/fr\/wp-json\/wp\/v2\/pages"}],"about":[{"href":"https:\/\/www.arosa-alpine-club.com\/fr\/wp-json\/wp\/v2\/types\/page"}],"author":[{"embeddable":true,"href":"https:\/\/www.arosa-alpine-club.com\/fr\/wp-json\/wp\/v2\/users\/1"}],"replies":[{"embeddable":true,"href":"https:\/\/www.arosa-alpine-club.com\/fr\/wp-json\/wp\/v2\/comments?post=827"}],"version-history":[{"count":4,"href":"https:\/\/www.arosa-alpine-club.com\/fr\/wp-json\/wp\/v2\/pages\/827\/revisions"}],"predecessor-version":[{"id":985,"href":"https:\/\/www.arosa-alpine-club.com\/fr\/wp-json\/wp\/v2\/pages\/827\/revisions\/985"}],"wp:featuredmedia":[{"embeddable":true,"href":"https:\/\/www.arosa-alpine-club.com\/fr\/wp-json\/wp\/v2\/media\/829"}],"wp:attachment":[{"href":"https:\/\/www.arosa-alpine-club.com\/fr\/wp-json\/wp\/v2\/media?parent=827"}],"curies":[{"name":"wp","href":"https:\/\/api.w.org\/{rel}","templated":true}]}}